{"id":7,"date":"2017-01-26T23:34:34","date_gmt":"2017-01-26T23:34:34","guid":{"rendered":"http:\/\/demo.qodearena.com\/projects\/corpbootwp\/?page_id=7"},"modified":"2018-09-11T22:25:56","modified_gmt":"2018-09-11T22:25:56","slug":"homepage","status":"publish","type":"page","link":"https:\/\/www.nevutus.com\/portal\/","title":{"rendered":"Homepage"},"content":{"rendered":"<p>[vc_row full_width=\u00bbstretch_row_content_no_spaces\u00bb][vc_column 0=\u00bb\u00bb][corpboot_content_slider title=\u00bb<strong>Nevutus<\/strong>\u00bb text=\u00bbNos comprometemos con tus iniciativas tecnol\u00f3gicas.\u00bb][corpboot_content_slider_item image=\u00bb595&#8243;][\/corpboot_content_slider_item][corpboot_content_slider_item image=\u00bb597&#8243;][\/corpboot_content_slider_item][corpboot_content_slider_item image=\u00bb599&#8243;][\/corpboot_content_slider_item][\/corpboot_content_slider][\/vc_column][\/vc_row][vc_row large_desctop_pt=\u00bbpadding-lg-60t\u00bb large_desctop_pb=\u00bbpadding-lg-60b\u00bb desctop_pt=\u00bbpadding-md-60t\u00bb desctop_pb=\u00bbpadding-md-60b\u00bb tablets_pt=\u00bbpadding-sm-60t\u00bb tablets_pb=\u00bbpadding-sm-60b\u00bb mobile_pt=\u00bbpadding-xs-60t\u00bb mobile_pb=\u00bbpadding-xs-60b\u00bb][vc_column width=\u00bb1\/2&#8243; offset=\u00bbvc_col-lg-3 vc_col-md-3&#8243;][corpboot_icon_text text=\u00bbDise\u00f1amos y construimos soluciones para negocios con un alto numero de usuarios y transacciones concurrentes.\u00bb title=\u00bbDESARROLLO DE SOFTWARE\u00bb icon=\u00bbfa fa-code\u00bb animation=\u00bbnone\u00bb][\/vc_column][vc_column width=\u00bb1\/2&#8243; offset=\u00bbvc_col-lg-3 vc_col-md-3&#8243;][corpboot_icon_text text=\u00bbAplicamos patrones de arquitectura probados en el mercado, pensando en el crecimiento de su empresa.\u00bb title=\u00bbARQUITECTURA DE SISTEMAS\u00bb icon=\u00bbfa fa-cubes\u00bb][\/vc_column][vc_column width=\u00bb1\/2&#8243; offset=\u00bbvc_col-lg-3 vc_col-md-3&#8243;][corpboot_icon_text text=\u00bbTransformamos su procesos de negocio, al integrar tecnolog\u00eda para el uso de documentos electr\u00f3nicos.\u00bb title=\u00bbDOCUMENTOS ELECTR\u00d3NICOS\u00bb icon=\u00bbfa fa-tablet\u00bb][\/vc_column][vc_column width=\u00bb1\/2&#8243; offset=\u00bbvc_col-lg-3 vc_col-md-3&#8243;][corpboot_icon_text text=\u00bbSomos especialistas en el desarrollo de sistemas para la gesti\u00f3n de p\u00f3lizas de seguros y liquidaci\u00f3n de siniestros.\u00bb title=\u00bbSISTEMAS PARA ASEGURADORAS\u00bb icon=\u00bbfa fa-laptop\u00bb][\/vc_column][\/vc_row][vc_row full_width=\u00bbstretch_row\u00bb large_desctop_pt=\u00bbpadding-lg-60t\u00bb large_desctop_pb=\u00bbpadding-lg-60b\u00bb desctop_pt=\u00bbpadding-md-60t\u00bb desctop_pb=\u00bbpadding-md-60b\u00bb tablets_pt=\u00bbpadding-sm-60t\u00bb tablets_pb=\u00bbpadding-sm-60b\u00bb mobile_pt=\u00bbpadding-xs-60t\u00bb mobile_pb=\u00bbpadding-xs-60b\u00bb][vc_column 0=\u00bb\u00bb][corpboot_title_block title=\u00bbNUESTROS CLIENTES\u00bb][corpboot_clients autoplay=\u00bbyes\u00bb speed=\u00bb3000&#8243; slides=\u00bb6&#8243; items=\u00bb%5B%7B%22image%22%3A%22572%22%2C%22logo_link%22%3A%22url%3Ahttps%253A%252F%252Fwww.aspor.cl%252F%7C%7Ctarget%3A%2520_blank%7C%22%7D%2C%7B%22image%22%3A%22573%22%2C%22logo_link%22%3A%22url%3Ahttps%253A%252F%252Fwww.nubox.com%252F%7C%7Ctarget%3A%2520_blank%7C%22%7D%2C%7B%22image%22%3A%22574%22%2C%22logo_link%22%3A%22url%3Ahttp%253A%252F%252Fwww.paperlessla.com%252Fpaperless%252Fhome%252Fcl%252F%7C%7Ctarget%3A%2520_blank%7C%22%7D%2C%7B%22image%22%3A%22577%22%2C%22logo_link%22%3A%22url%3Ahttp%253A%252F%252Fwww.kpilogistica.cl%252F%7C%7Ctarget%3A%2520_blank%7C%22%7D%2C%7B%22image%22%3A%22610%22%2C%22logo_link%22%3A%22url%3Ahttps%253A%252F%252Fwww.gsma.com%252F%7C%7Ctarget%3A%2520_blank%7C%22%7D%2C%7B%22image%22%3A%22620%22%2C%22logo_link%22%3A%22url%3Ahttp%253A%252F%252Fwww.infowalker.cl%252Finicio.asp%7C%7Ctarget%3A%2520_blank%7C%22%7D%2C%7B%22image%22%3A%22584%22%2C%22logo_link%22%3A%22url%3Ahttps%253A%252F%252Fwww.hdi.cl%252F%7C%7Ctarget%3A%2520_blank%7C%22%7D%5D\u00bb][\/vc_column][\/vc_row]<\/p>\n","protected":false},"excerpt":{"rendered":"<p>[vc_row full_width=\u00bbstretch_row_content_no_spaces\u00bb][vc_column 0=\u00bb\u00bb][corpboot_content_slider title=\u00bbNevutus\u00bb text=\u00bbNos comprometemos con tus iniciativas tecnol\u00f3gicas.\u00bb][corpboot_content_slider_item image=\u00bb595&#8243;][\/corpboot_content_slider_item][corpboot_content_slider_item image=\u00bb597&#8243;][\/corpboot_content_slider_item][corpboot_content_slider_item image=\u00bb599&#8243;][\/corpboot_content_slider_item][\/corpboot_content_slider][\/vc_column][\/vc_row][vc_row large_desctop_pt=\u00bbpadding-lg-60t\u00bb large_desctop_pb=\u00bbpadding-lg-60b\u00bb desctop_pt=\u00bbpadding-md-60t\u00bb desctop_pb=\u00bbpadding-md-60b\u00bb tablets_pt=\u00bbpadding-sm-60t\u00bb tablets_pb=\u00bbpadding-sm-60b\u00bb mobile_pt=\u00bbpadding-xs-60t\u00bb mobile_pb=\u00bbpadding-xs-60b\u00bb][vc_column width=\u00bb1\/2&#8243; offset=\u00bbvc_col-lg-3 vc_col-md-3&#8243;][corpboot_icon_text text=\u00bbDise\u00f1amos y construimos soluciones para negocios con un&#8230;<\/p>\n","protected":false},"author":1,"featured_media":0,"parent":0,"menu_order":0,"comment_status":"closed","ping_status":"closed","template":"","meta":{"footnotes":""},"_links":{"self":[{"href":"https:\/\/www.nevutus.com\/portal\/wp-json\/wp\/v2\/pages\/7"}],"collection":[{"href":"https:\/\/www.nevutus.com\/portal\/wp-json\/wp\/v2\/pages"}],"about":[{"href":"https:\/\/www.nevutus.com\/portal\/wp-json\/wp\/v2\/types\/page"}],"author":[{"embeddable":true,"href":"https:\/\/www.nevutus.com\/portal\/wp-json\/wp\/v2\/users\/1"}],"replies":[{"embeddable":true,"href":"https:\/\/www.nevutus.com\/portal\/wp-json\/wp\/v2\/comments?post=7"}],"version-history":[{"count":52,"href":"https:\/\/www.nevutus.com\/portal\/wp-json\/wp\/v2\/pages\/7\/revisions"}],"predecessor-version":[{"id":621,"href":"https:\/\/www.nevutus.com\/portal\/wp-json\/wp\/v2\/pages\/7\/revisions\/621"}],"wp:attachment":[{"href":"https:\/\/www.nevutus.com\/portal\/wp-json\/wp\/v2\/media?parent=7"}],"curies":[{"name":"wp","href":"https:\/\/api.w.org\/{rel}","templated":true}]}}