{"id":115,"date":"2017-01-30T10:49:39","date_gmt":"2017-01-30T10:49:39","guid":{"rendered":"http:\/\/demo.qodearena.com\/projects\/corpbootwp\/?page_id=115"},"modified":"2018-09-11T21:43:18","modified_gmt":"2018-09-11T21:43:18","slug":"servicios","status":"publish","type":"page","link":"https:\/\/www.nevutus.com\/portal\/servicios\/","title":{"rendered":"Servicios"},"content":{"rendered":"<p>[vc_row full_width=\u00bbstretch_row_content_no_spaces\u00bb][vc_column 0=\u00bb\u00bb][corpboot_banner 0=\u00bb\u00bb][\/vc_column][\/vc_row][vc_row large_desctop_pt=\u00bbpadding-lg-60t\u00bb large_desctop_pb=\u00bbpadding-lg-60b\u00bb desctop_pt=\u00bbpadding-md-60t\u00bb desctop_pb=\u00bbpadding-md-60b\u00bb tablets_pt=\u00bbpadding-sm-60t\u00bb tablets_pb=\u00bbpadding-sm-60b\u00bb mobile_pt=\u00bbpadding-xs-60t\u00bb mobile_pb=\u00bbpadding-xs-60b\u00bb][vc_column css=\u00bb.vc_custom_1485774769737{padding-top: 0px !important;}\u00bb][corpboot_title_block title=\u00bbNUESTROS SERVICIOS\u00bb][vc_row_inner 0=\u00bb\u00bb][vc_column_inner offset=\u00bbvc_col-lg-6 vc_col-md-6&#8243;][vc_column_text 0=\u00bb\u00bb]<img loading=\"lazy\" decoding=\"async\" class=\"mb14 alignnone wp-image-119 size-full\" src=\"http:\/\/www.nevutus.com\/portal\/wp-content\/uploads\/2018\/09\/servicios.jpg\" width=\"800\" height=\"300\" \/><\/p>\n<p>Nuestros servicios est\u00e1n enfocados en satisfacer las necesidades del negocio de nuestros clientes demostrando compromiso, excelencia y experiencia, caracter\u00edsticas que aplicamos a cada proyecto TIC que se nos conf\u00eda.[\/vc_column_text][\/vc_column_inner][vc_column_inner offset=\u00bbvc_col-lg-6 vc_col-md-6&#8243;][corpboot_icon_text text=\u00bbCreaci\u00f3n de sitios web para Internet o Intranet construidos con arquitectura est\u00e1ndar y t\u00e9cnicas que se caracterizan por su estabilidad y escalabilidad.\u00bb style=\u00bbmodern\u00bb title=\u00bbDesarrollo Web\u00bb icon=\u00bbfa fa-code\u00bb][corpboot_icon_text text=\u00bbDesarrollo, mantenci\u00f3n y puesta a punto de sistemas departamentales que requieran alta capacidad de procesamiento. \u00bb el_class=\u00bbbig-icon\u00bb style=\u00bbmodern\u00bb title=\u00bbDesarrollo Back-End\u00bb icon=\u00bbfa fa-cog\u00bb][corpboot_icon_text text=\u00bbDesarrollo de soluciones de software que implementen firma electr\u00f3nica avanzada (FEA)\u00bb style=\u00bbmodern\u00bb title=\u00bbFirma Electr\u00f3nica Avanzada\u00bb icon=\u00bbfa fa-check-square-o\u00bb][corpboot_icon_text text=\u00bbDesarrollo de soluciones de software que implementen verificaci\u00f3n biom\u00e9trica de huella digital.\u00bb style=\u00bbmodern\u00bb title=\u00bbBiometr\u00eda\u00bb icon=\u00bbfa fa-check\u00bb][\/vc_column_inner][\/vc_row_inner][\/vc_column][\/vc_row][vc_row full_width=\u00bbstretch_row\u00bb large_desctop_pt=\u00bbpadding-lg-60t\u00bb large_desctop_pb=\u00bbpadding-lg-60b\u00bb desctop_pt=\u00bbpadding-md-60t\u00bb desctop_pb=\u00bbpadding-md-60b\u00bb tablets_pt=\u00bbpadding-sm-60t\u00bb tablets_pb=\u00bbpadding-sm-60b\u00bb mobile_pt=\u00bbpadding-xs-60t\u00bb mobile_pb=\u00bbpadding-xs-60b\u00bb css=\u00bb.vc_custom_1485774792150{background-color: rgba(69,90,100,0.06) !important;*background-color: rgb(69,90,100) !important;}\u00bb][vc_column css=\u00bb.vc_custom_1485774764850{padding-top: 0px !important;}\u00bb][corpboot_title_block title_align=\u00bbtitle-r\u00bb title=\u00bbMAS DE NUESTROS SERVICIOS\u00bb][vc_row_inner 0=\u00bb\u00bb][vc_column_inner offset=\u00bbvc_col-lg-6 vc_col-md-6&#8243;][corpboot_icon_text text=\u00bbTenemos la capacidad de apoyar en cualquier etapa de un determinado proyecto digital, abarcando todas las etapas que componen el ciclo de desarrollo de un software.\u00bb style=\u00bbmodern\u00bb title=\u00bbDise\u00f1o de Proyectos a Medida\u00bb icon=\u00bbfa fa-cog\u00bb][corpboot_icon_text text=\u00bbPodemos colaborar en el dise\u00f1o y ejecuci\u00f3n de pruebas sobre componentes de software unitarios e integrados utilizando herramientas que automatizan estos procesos.\u00bb style=\u00bbmodern\u00bb title=\u00bbPruebas Unitarias e Integradas\u00bb icon=\u00bbfa fa-check-square-o\u00bb][corpboot_icon_text text=\u00bbPoseemos un alto conocimiento en las mas estables tecnolog\u00edas de desarrollo de software y base de datos, esto nos permite contar con las competencias necesarias para hacernos cargo de la mantenci\u00f3n de sistemas de l\u00ednea cr\u00edtica.\u00bb style=\u00bbmodern\u00bb title=\u00bbMantenci\u00f3n de Sistemas\u00bb icon=\u00bbfa fa-user-md\u00bb][\/vc_column_inner][vc_column_inner offset=\u00bbvc_col-lg-6 vc_col-md-6&#8243;][vc_column_text 0=\u00bb\u00bb]<img loading=\"lazy\" decoding=\"async\" class=\"alignnone wp-image-120 size-full\" src=\"http:\/\/www.nevutus.com\/portal\/wp-content\/uploads\/2018\/09\/servicios_2.jpg\" width=\"800\" height=\"300\" \/><\/p>\n<p>La experiencia con la que cuentan los integrantes de NEVUTUS permite que seamos capaces de abarcar el 100% de las etapas que componen el ciclo de desarrollo de un software.[\/vc_column_text][\/vc_column_inner][\/vc_row_inner][\/vc_column][\/vc_row]<\/p>\n","protected":false},"excerpt":{"rendered":"<p>[vc_row full_width=\u00bbstretch_row_content_no_spaces\u00bb][vc_column 0=\u00bb\u00bb][corpboot_banner 0=\u00bb\u00bb][\/vc_column][\/vc_row][vc_row large_desctop_pt=\u00bbpadding-lg-60t\u00bb large_desctop_pb=\u00bbpadding-lg-60b\u00bb desctop_pt=\u00bbpadding-md-60t\u00bb desctop_pb=\u00bbpadding-md-60b\u00bb tablets_pt=\u00bbpadding-sm-60t\u00bb tablets_pb=\u00bbpadding-sm-60b\u00bb mobile_pt=\u00bbpadding-xs-60t\u00bb mobile_pb=\u00bbpadding-xs-60b\u00bb][vc_column css=\u00bb.vc_custom_1485774769737{padding-top: 0px !important;}\u00bb][corpboot_title_block title=\u00bbNUESTROS SERVICIOS\u00bb][vc_row_inner 0=\u00bb\u00bb][vc_column_inner offset=\u00bbvc_col-lg-6 vc_col-md-6&#8243;][vc_column_text 0=\u00bb\u00bb] Nuestros servicios est\u00e1n enfocados en satisfacer las necesidades del negocio de&#8230;<\/p>\n","protected":false},"author":1,"featured_media":0,"parent":0,"menu_order":0,"comment_status":"closed","ping_status":"closed","template":"","meta":{"footnotes":""},"_links":{"self":[{"href":"https:\/\/www.nevutus.com\/portal\/wp-json\/wp\/v2\/pages\/115"}],"collection":[{"href":"https:\/\/www.nevutus.com\/portal\/wp-json\/wp\/v2\/pages"}],"about":[{"href":"https:\/\/www.nevutus.com\/portal\/wp-json\/wp\/v2\/types\/page"}],"author":[{"embeddable":true,"href":"https:\/\/www.nevutus.com\/portal\/wp-json\/wp\/v2\/users\/1"}],"replies":[{"embeddable":true,"href":"https:\/\/www.nevutus.com\/portal\/wp-json\/wp\/v2\/comments?post=115"}],"version-history":[{"count":6,"href":"https:\/\/www.nevutus.com\/portal\/wp-json\/wp\/v2\/pages\/115\/revisions"}],"predecessor-version":[{"id":614,"href":"https:\/\/www.nevutus.com\/portal\/wp-json\/wp\/v2\/pages\/115\/revisions\/614"}],"wp:attachment":[{"href":"https:\/\/www.nevutus.com\/portal\/wp-json\/wp\/v2\/media?parent=115"}],"curies":[{"name":"wp","href":"https:\/\/api.w.org\/{rel}","templated":true}]}}