{"id":102,"date":"2017-01-30T10:27:04","date_gmt":"2017-01-30T10:27:04","guid":{"rendered":"http:\/\/demo.qodearena.com\/projects\/corpbootwp\/?page_id=102"},"modified":"2018-09-12T01:10:24","modified_gmt":"2018-09-12T01:10:24","slug":"nosotros","status":"publish","type":"page","link":"https:\/\/www.nevutus.com\/portal\/nosotros\/","title":{"rendered":"Nosotros"},"content":{"rendered":"<p>[vc_row full_width=\u00bbstretch_row_content_no_spaces\u00bb][vc_column 0=\u00bb\u00bb][corpboot_banner 0=\u00bb\u00bb][\/vc_column][\/vc_row][vc_row large_desctop_pt=\u00bbpadding-lg-60t\u00bb large_desctop_pb=\u00bbpadding-lg-60b\u00bb desctop_pt=\u00bbpadding-md-60t\u00bb desctop_pb=\u00bbpadding-md-60b\u00bb tablets_pt=\u00bbpadding-sm-60t\u00bb tablets_pb=\u00bbpadding-sm-60b\u00bb mobile_pt=\u00bbpadding-xs-60t\u00bb mobile_pb=\u00bbpadding-xs-60b\u00bb][vc_column 0=\u00bb\u00bb][corpboot_title_block title=\u00bbSOBRE NOSOTROS\u00bb][vc_row_inner 0=\u00bb\u00bb][vc_column_inner offset=\u00bbvc_col-lg-6 vc_col-md-6&#8243;][vc_column_text 0=\u00bb\u00bb]Somos una empresa de servicios enfocada en las tecnolog\u00edas de la informaci\u00f3n. Nuestro principal prop\u00f3sito es apoyar las nuevas iniciativas tecnol\u00f3gicas de nuestros clientes y adem\u00e1s brindarles la seguridad necesaria para que conf\u00eden en nosotros a la hora de tratar los procesos cr\u00edticos de su negocio.<\/p>\n<p>Nos caracterizamos por comprometernos en brindar servicios de la mejor calidad t\u00e9cnica y humana con el fin de generar relaciones continuas y de confianza con nuestros clientes, involucr\u00e1ndonos en su negocio con el fin de entregar productos de software y hardware que puedan contribuir en aumentar el rendimiento de cada uno de los negocios de nuestros clientes.[\/vc_column_text][\/vc_column_inner][vc_column_inner offset=\u00bbvc_col-lg-6 vc_col-md-6&#8243;][corpboot_tabs style_tabs=\u00bbmodern\u00bb][corpboot_tabs_item title=\u00bbMisi\u00f3n\u00bb image=\u00bb75&#8243;]Nuestra misi\u00f3n consiste en ofrecer servicios de asesor\u00eda y construcci\u00f3n de soluciones de software que materialicen las iniciativas tecnol\u00f3gicas de nuestros clientes. Nos enfocamos en lograr que nuestros clientes desarrollen una relaci\u00f3n de confianza con nosotros poniendo a su disposici\u00f3n todo nuestro conocimiento, responsabilidad y experiencia. [\/corpboot_tabs_item][corpboot_tabs_item title=\u00bbVisi\u00f3n\u00bb image=\u00bb79&#8243;]Ser reconocidos por el compromiso, responsabilidad, y la calidad de nuestro desempe\u00f1o tanto t\u00e9cnico, profesional y humano. Esforz\u00e1ndonos por que todo lo anterior contribuya como un factor determinante para el crecimiento del negocio e iniciativas de nuestros clientes.\u00a0 [\/corpboot_tabs_item][corpboot_tabs_item title=\u00bbValores\u00bb image=\u00bb75&#8243;]<\/p>\n<ul class=\"listicon-check row\">\n<li><strong>Integridad:<\/strong>\u00a0Nos preocupamos por hacer lo correcto respondiendo a la confianza de nuestros clientes.<\/li>\n<li><strong>Responsabilidad:<\/strong> Trabajamos con el objetivo de cumplir a cabalidad las necesidades de nuestros clientes en el tiempo acordado.<\/li>\n<li><strong>Excelencia:<\/strong> El cliente es nuestro mas valioso activo, por lo que nuestro compromiso es entregar un servicio con los mas altos est\u00e1ndares de rendimiento.<\/li>\n<li><strong>Colaboraci\u00f3n:<\/strong>\u00a0Consideramos a nuestros clientes como el mas importante foco de atenci\u00f3n es por ello que nos esforzamos por lograr en conjunto el crecimiento mutuo y sostenido en el tiempo.<\/li>\n<\/ul>\n<p>[\/corpboot_tabs_item][\/corpboot_tabs][\/vc_column_inner][\/vc_row_inner][\/vc_column][\/vc_row][vc_row full_width=\u00bbstretch_row\u00bb large_desctop_pt=\u00bbpadding-lg-60t\u00bb large_desctop_pb=\u00bbpadding-lg-60b\u00bb desctop_pt=\u00bbpadding-md-60t\u00bb desctop_pb=\u00bbpadding-md-60b\u00bb tablets_pt=\u00bbpadding-sm-60t\u00bb tablets_pb=\u00bbpadding-sm-60b\u00bb mobile_pt=\u00bbpadding-xs-60t\u00bb mobile_pb=\u00bbpadding-xs-60b\u00bb css=\u00bb.vc_custom_1485770050773{background-color: rgba(69,90,100,0.06) !important;*background-color: rgb(69,90,100) !important;}\u00bb][vc_column css=\u00bb.vc_custom_1485772531795{padding-top: 0px !important;}\u00bb][corpboot_title_block title_align=\u00bbtitle-r\u00bb title=\u00bbNUESTRA HISTORIA\u00bb][corpboot_tabs style_tabs=\u00bbstatic\u00bb][corpboot_tabs_item title=\u00bb2011&#8243; image=\u00bb107&#8243;]Nevutus Tecnolog\u00eda Inform\u00e1tica Aplicada Ltda. inicia actividades especializ\u00e1ndose en asesor\u00edas y soluciones para empresas aseguradoras, Participando en diferentes proyectos tales como migraciones de motores de bases de datos, an\u00e1lisis y dise\u00f1o de m\u00f3dulos para sistemas de cr\u00e9dito, seguimiento y monitoreo de sistemas de venta de seguros de asistencia obligatoria (SOAP) entre otros.[\/corpboot_tabs_item][corpboot_tabs_item title=\u00bb2012&#8243;]PAPERLESS (By SOVOS), la mayor empresa a nivel mundial en facturaci\u00f3n electr\u00f3nica, conf\u00eda en los servicios de NEVUTUS para brindarle servicios de mantenci\u00f3n y soporte a varios de sus sistemas internos, as\u00ed como apoyo en el desarrollos de diferentes piezas de software para sus sistemas de control de documentos electr\u00f3nicos.[\/corpboot_tabs_item][corpboot_tabs_item title=\u00bb2013&#8243;]KPI Log\u00edstica conf\u00eda en los servicios de NEVUTUS para construir su portal de consulta de seguimiento de cargas. El cual permite revisar en tiempo real a sus clientes, el estado del inventario dentro de las bodegas de KPI. Permitiendo as\u00ed una mayor trazabilidad y transparencia en el despacho y control de sus respectivos inventarios.[\/corpboot_tabs_item][corpboot_tabs_item title=\u00bb2015&#8243; image=\u00bb108&#8243;]Nevutus se consolida como un proveedor de soluciones de workflow en procesos productivos, adem\u00e1s de brindar soluciones y desarrollos integraciones para la operaciones con documentos electr\u00f3nicas y firma electr\u00f3nica avanzada.[\/corpboot_tabs_item][corpboot_tabs_item title=\u00bb2016&#8243;]GSMA y ASIET elige a NEVUTUS para trabajar en la construcci\u00f3n y mantenci\u00f3n de los portales para el <strong>Congreso Latinoamericano de Telecomunicaciones<\/strong> a partir de su versi\u00f3n 2017, utilizando tecnolog\u00edas de streaming para la transmisi\u00f3n en vivo del evento, capacidades de CMS para la actualizaci\u00f3n de informaci\u00f3n en linea, as\u00ed como un subsistema de gesti\u00f3n de inscripciones al congreso.[\/corpboot_tabs_item][corpboot_tabs_item title=\u00bb2017&#8243;]NUBOX conf\u00eda en Nevutus, para brindarle soluciones automatizadas de recuperaci\u00f3n de informaci\u00f3n desde portales web, con el objetivo de acelerar los flujos en las operaciones con sus clientes.[\/corpboot_tabs_item][corpboot_tabs_item title=\u00bb2018&#8243; image=\u00bb109&#8243;]Nevutus S.R.L. inicia operaciones en la cuidad de Santa Cruz de la Sierra Bolivia, con el objetivo de brindar soluciones inform\u00e1ticas al mercado Boliviano, enfocados en la industria aseguradora y documentos electr\u00f3nicos.[\/corpboot_tabs_item][\/corpboot_tabs][\/vc_column][\/vc_row][vc_row full_width=\u00bbstretch_row\u00bb large_desctop_pt=\u00bbpadding-lg-60t\u00bb large_desctop_pb=\u00bbpadding-lg-60b\u00bb desctop_pt=\u00bbpadding-md-60t\u00bb desctop_pb=\u00bbpadding-md-60b\u00bb tablets_pt=\u00bbpadding-sm-60t\u00bb tablets_pb=\u00bbpadding-sm-60b\u00bb mobile_pt=\u00bbpadding-xs-60t\u00bb mobile_pb=\u00bbpadding-xs-60b\u00bb][vc_column css=\u00bb.vc_custom_1485771295488{padding-top: 0px !important;}\u00bb][corpboot_title_block title=\u00bbNuestras Habilidades\u00bb][vc_row_inner 0=\u00bb\u00bb][vc_column_inner offset=\u00bbvc_col-lg-6 vc_col-md-6&#8243;][vc_column_text 0=\u00bb\u00bb]<img loading=\"lazy\" decoding=\"async\" class=\"alignnone wp-image-82 size-full\" src=\"http:\/\/www.nevutus.com\/portal\/wp-content\/uploads\/2018\/09\/habilidades.jpg\" width=\"820\" height=\"260\" \/><\/p>\n<p>Nuestras habilidades son el fruto de los a\u00f1os de experiencia de nuestro equipo. Nos esforzamos por poner estas habilidades al disposici\u00f3n de nuestros clientes con el objetivo de fortalecer y potenciar sus procesos de negocio.[\/vc_column_text][\/vc_column_inner][vc_column_inner offset=\u00bbvc_col-lg-6 vc_col-md-6&#8243;][corpboot_skills 0=\u00bb\u00bb][corpboot_skills_item title=\u00bbDesarrollo Web \/ Desarrollo Back-End\u00bb number=\u00bb100&#8243;][corpboot_skills_item title=\u00bbArquitectura de Software\u00bb number=\u00bb100&#8243;][corpboot_skills_item title=\u00bbSistemas para Aseguradoras\u00bb number=\u00bb100&#8243;][corpboot_skills_item title=\u00bbE-Commerce\u00bb number=\u00bb100&#8243;][corpboot_skills_item title=\u00bbBiometr\u00eda\u00bb number=\u00bb100&#8243;][corpboot_skills_item title=\u00bbDocumentos Electr\u00f3nicos\u00bb number=\u00bb100&#8243;][\/corpboot_skills][\/vc_column_inner][\/vc_row_inner][\/vc_column][\/vc_row]<\/p>\n","protected":false},"excerpt":{"rendered":"<p>[vc_row full_width=\u00bbstretch_row_content_no_spaces\u00bb][vc_column 0=\u00bb\u00bb][corpboot_banner 0=\u00bb\u00bb][\/vc_column][\/vc_row][vc_row large_desctop_pt=\u00bbpadding-lg-60t\u00bb large_desctop_pb=\u00bbpadding-lg-60b\u00bb desctop_pt=\u00bbpadding-md-60t\u00bb desctop_pb=\u00bbpadding-md-60b\u00bb tablets_pt=\u00bbpadding-sm-60t\u00bb tablets_pb=\u00bbpadding-sm-60b\u00bb mobile_pt=\u00bbpadding-xs-60t\u00bb mobile_pb=\u00bbpadding-xs-60b\u00bb][vc_column 0=\u00bb\u00bb][corpboot_title_block title=\u00bbSOBRE NOSOTROS\u00bb][vc_row_inner 0=\u00bb\u00bb][vc_column_inner offset=\u00bbvc_col-lg-6 vc_col-md-6&#8243;][vc_column_text 0=\u00bb\u00bb]Somos una empresa de servicios enfocada en las tecnolog\u00edas de la informaci\u00f3n. Nuestro principal&#8230;<\/p>\n","protected":false},"author":1,"featured_media":0,"parent":0,"menu_order":0,"comment_status":"closed","ping_status":"closed","template":"","meta":{"footnotes":""},"_links":{"self":[{"href":"https:\/\/www.nevutus.com\/portal\/wp-json\/wp\/v2\/pages\/102"}],"collection":[{"href":"https:\/\/www.nevutus.com\/portal\/wp-json\/wp\/v2\/pages"}],"about":[{"href":"https:\/\/www.nevutus.com\/portal\/wp-json\/wp\/v2\/types\/page"}],"author":[{"embeddable":true,"href":"https:\/\/www.nevutus.com\/portal\/wp-json\/wp\/v2\/users\/1"}],"replies":[{"embeddable":true,"href":"https:\/\/www.nevutus.com\/portal\/wp-json\/wp\/v2\/comments?post=102"}],"version-history":[{"count":49,"href":"https:\/\/www.nevutus.com\/portal\/wp-json\/wp\/v2\/pages\/102\/revisions"}],"predecessor-version":[{"id":629,"href":"https:\/\/www.nevutus.com\/portal\/wp-json\/wp\/v2\/pages\/102\/revisions\/629"}],"wp:attachment":[{"href":"https:\/\/www.nevutus.com\/portal\/wp-json\/wp\/v2\/media?parent=102"}],"curies":[{"name":"wp","href":"https:\/\/api.w.org\/{rel}","templated":true}]}}